{"id":1364,"date":"2024-08-04T07:42:13","date_gmt":"2024-08-04T07:42:13","guid":{"rendered":"https:\/\/topfiguren.com\/?page_id=1364"},"modified":"2025-03-07T13:20:42","modified_gmt":"2025-03-07T13:20:42","slug":"agb","status":"publish","type":"page","link":"https:\/\/topfiguren.com\/en\/agb\/","title":{"rendered":"GTC"},"content":{"rendered":"<div data-elementor-type=\"wp-page\" data-elementor-id=\"1364\" class=\"elementor elementor-1364\" data-elementor-post-type=\"page\">\n\t\t\t\t<div class=\"elementor-element elementor-element-da2f1b1 e-flex e-con-boxed e-con e-parent\" data-id=\"da2f1b1\" data-element_type=\"container\" data-settings=\"{&quot;background_background&quot;:&quot;classic&quot;}\">\n\t\t\t\t\t<div class=\"e-con-inner\">\n\t\t\t\t<div class=\"elementor-element elementor-element-3fedb34 elementor-widget elementor-widget-heading\" data-id=\"3fedb34\" data-element_type=\"widget\" data-widget_type=\"heading.default\">\n\t\t\t\t<div class=\"elementor-widget-container\">\n\t\t\t\t\t<h2 class=\"elementor-heading-title elementor-size-default\">GTC<\/h2>\t\t\t\t<\/div>\n\t\t\t\t<\/div>\n\t\t\t\t\t<\/div>\n\t\t\t\t<\/div>\n\t\t<div class=\"elementor-element elementor-element-49a7938 e-flex e-con-boxed e-con e-parent\" data-id=\"49a7938\" data-element_type=\"container\">\n\t\t\t\t\t<div class=\"e-con-inner\">\n\t\t<div class=\"elementor-element elementor-element-713c4d5 e-con-full e-flex e-con e-child\" data-id=\"713c4d5\" data-element_type=\"container\" data-settings=\"{&quot;background_background&quot;:&quot;classic&quot;}\">\n\t\t\t\t<div class=\"elementor-element elementor-element-d99fb0d elementor-widget elementor-widget-text-editor\" data-id=\"d99fb0d\" data-element_type=\"widget\" data-widget_type=\"text-editor.default\">\n\t\t\t\t<div class=\"elementor-widget-container\">\n\t\t\t\t\t\t\t\t\t<p><strong>TopFiguren.com<\/strong><br \/><strong>Sale of garden decorations<\/strong><br \/>Hauptstrasse 179<br \/>8983 Bad Mitterndorf<br \/><strong>Commercial register:<\/strong><\/p><p><strong>Contact<\/strong><br \/>Telefon: 067761426833<br \/>E-mail: info@topfiguren.com<\/p>\t\t\t\t\t\t\t\t<\/div>\n\t\t\t\t<\/div>\n\t\t\t\t<\/div>\n\t\t<div class=\"elementor-element elementor-element-61b57e6 e-con-full e-flex e-con e-child\" data-id=\"61b57e6\" data-element_type=\"container\" data-settings=\"{&quot;background_background&quot;:&quot;classic&quot;}\">\n\t\t\t\t<div class=\"elementor-element elementor-element-488c354 elementor-widget elementor-widget-text-editor\" data-id=\"488c354\" data-element_type=\"widget\" data-widget_type=\"text-editor.default\">\n\t\t\t\t<div class=\"elementor-widget-container\">\n\t\t\t\t\t\t\t\t\t<strong>Sales tax ID:<\/strong>\n<br>Sales tax identification number\n<br>according to \u00a7 27 a sales tax law:\n<br><strong>Editorial responsibility: <\/strong>\n<br>TopFiguren.com\t\t\t\t\t\t\t\t<\/div>\n\t\t\t\t<\/div>\n\t\t\t\t<\/div>\n\t\t\t\t\t<\/div>\n\t\t\t\t<\/div>\n\t\t<div class=\"elementor-element elementor-element-1a4ba10 e-flex e-con-boxed e-con e-parent\" data-id=\"1a4ba10\" data-element_type=\"container\">\n\t\t\t\t\t<div class=\"e-con-inner\">\n\t\t\t\t<div class=\"elementor-element elementor-element-b95855b elementor-widget elementor-widget-text-editor\" data-id=\"b95855b\" data-element_type=\"widget\" data-widget_type=\"text-editor.default\">\n\t\t\t\t<div class=\"elementor-widget-container\">\n\t\t\t\t\t\t\t\t\t<p style=\"text-align: center;\"><strong>General Terms and Conditions of the company topfiguren<\/strong><\/p><p style=\"font-weight: bold; padding-bottom: 10px;\">\u00a71 Validity vis-\u00e0-vis entrepreneurs and definitions of terms<\/p><p>(1) The following General Terms and Conditions of Business apply to all deliveries between us and a consumer\nin the version valid at the time of the order.<br \/>By visiting our site and\/ or purchasing something from us, you engage in our \u201cService\u201d and agree to be bound by the following terms and conditions (\u201cTerms of Service\u201d, \u201cTerms\u201d), including those additional terms and conditions and policies referenced herein and\/or available by hyperlink. These Terms of Service apply  to all users of the site, including without limitation users who are browsers, vendors, customers, merchants, and\/ or contributors of content.\nPlease read these Terms of Service carefully before accessing or using our website. By accessing or using any part of the site, you agree to be bound by these Terms of Service. If you do not agree to all the terms and conditions of this agreement, then you may not access the website or use any Services. If these Terms of Service are considered an offer, acceptance is expressly limited to these Terms of Service.<\/p><p class=\" translation-block\">A consumer is any natural person who concludes a legal transaction for purposes that can predominantly be attributed neither to\ntheir commercial nor their independent professional activity (Section 13 BGB).<\/p><p style=\"font-weight: bold; padding-bottom: 10px;\">\u00a72 Conclusion of a contract, storage of the contract text<\/p><p>(1) The following provisions on the conclusion of contracts apply to orders placed via our online store https:\/\/topfiguren.com.<\/p><p><b>(2) If the contract is concluded, the contract is concluded with<\/b><\/p><p>TopFiguren.com<br \/>Hauptstrasse 179<br \/>D-8983 Bad Mitterndorf<br \/>We reserve the right to modify the contents of this site at any time, but we have no obligation to update any information on our site.<br \/>You agree that it is your responsibility to monitor changes to our site.<\/p><p><strong>is achieved.<\/strong>.<\/p><p>(3) Die Pr\u00e4sentation der Waren in unserem Internetshop stellen kein rechtlich bindendes Vertragsangebot unsererseits dar, sondern sind nur eine unverbindliche Aufforderungen an den Verbraucher, Waren zu bestellen. Mit der Bestellung der gew\u00fcnschten Ware gibt der Verbraucher ein f\u00fcr ihn verbindliches Angebot auf Abschluss eines Kaufvertrages ab.<br \/>(4) Bei Eingang einer Bestellung in unserem Internetshop gelten folgende Regelungen: Der Verbraucher gibt ein bindendes Vertragsangebot ab, indem er die in unserem Internetshop vorgesehene Bestellprozedur erfolgreich durchl\u00e4uft.<br \/>The order is placed in the following steps:<\/p><div class=\"ml20\">We reserve the right, but are not obligated, to limit the sales of our products or Services to any person, geographic region or jurisdiction. We may exercise this right on a case-by-case basis.<br \/>We reserve the right to limit the quantities of any products or Services that we offer.<br \/>All descriptions of products or product pricing are subject to change at anytime without notice, at the sole discretion of us.<br \/>We reserve the right to discontinue any product at any time. Any offer for any product or service made on this site is void where prohibited.<br \/>We do not warrant that the quality of any products, Services, information, or other material purchased or obtained by you will meet your expectations, or that any errors in the Service will be corrected.<br \/><h6>SECTION 6 - ACCURACY OF BILLING AND ACCOUNT INFORMATION<\/h6><br \/>7) Verbindliche Absendung der Bestellung durch Anklicken des Buttons \u201ekostenpflichtig bestellen\u201c bzw. \u201ekaufen\u201c. Der Verbraucher kann vor dem verbindlichen Absenden der Bestellung durch Bet\u00e4tigen der in dem von ihm verwendeten Internet-Browser enthaltenen \u201eZur\u00fcck\u201c-Taste nach Kontrolle seiner Angaben wieder zu der Internetseite gelangen, auf der die Angaben des Kunden erfasst werden und Eingabefehler berichtigen bzw. durch Schlie\u00dfen des Internetbrowsers den Bestellvorgang abbrechen. Wir best\u00e4tigen den Eingang der Bestellung unmittelbar durch eine automatisch generierte E-Mail (\u201eAuftragsbest\u00e4tigung\u201c). Mit dieser nehmen wir Ihr Angebot an.<br \/>(5) Speicherung des Vertragstextes bei Bestellungen \u00fcber unseren Internetshop : Wir speichern den Vertragstext und senden Ihnen die Bestelldaten und unsere AGB per E-Mail zu. Die AGB k\u00f6nnen Sie jederzeit auch unter https:\/\/topfiguren.com\/agb einsehen. Ihre vergangenen Bestellungen k\u00f6nnen Sie in unserem Kunden-Bereich unter Mein Konto &#8211;&gt; Meine Bestellungen einsehen.<\/div><p style=\"font-weight: bold; padding-bottom: 10px;\">\u00a73 Prices, shipping costs, payment, due date<\/p><p class=\" translation-block\">(1) The prices quoted include statutory VAT and other price components. Any shipping costs are added.\n(2) The consumer has the option of paying by\nprepayment,\ndirect debit,\nPayPal,\ncredit card (Visa, Mastercard, American Express).\n(3) If the consumer has chosen to pay in advance, he undertakes to pay the purchase price immediately after conclusion of the contract.<\/p><p style=\"font-weight: bold; padding-bottom: 10px;\">\u00a74 Delivery<\/p><p>Certain content, products and Services available via our Service may include materials from third-parties.<br \/>Die Lieferung erfolgt hier sp\u00e4testen innerhalb von 5 Werktagen. Dabei beginnt die Frist f\u00fcr die Lieferung im Falle der Zahlung per Vorkasse am Tag nach<br \/>Zahlungsauftrag an die mit der \u00dcberweisung beauftragte Bank und bei allen anderen Zahlungsarten am Tag nach Vertragsschluss zu laufen. F\u00e4llt das Fristende auf einen Samstag, Sonntag oder gesetzlichen Feiertag am Lieferort, so endet die Frist am n\u00e4chsten Werktag. (2) Die Gefahr des zuf\u00e4lligen Untergangs und der zuf\u00e4lligen Verschlechterung der verkauften Sache geht auch beim Versendungskauf erst mit der \u00dcbergabe der Sache an den K\u00e4ufer auf diesen \u00fcber.<\/p><p style=\"font-weight: bold; padding-bottom: 10px;\">\u00a75 Retention of title<\/p><p>We reserve title to the goods until the purchase price has been paid in full.<\/p><p style=\"font-weight: bold; padding-bottom: 10px;\">\u00a76 Right of withdrawal of the customer as a consumer:<\/p><p><b>Right of withdrawal for consumers<\/b><br \/>Consumers are entitled to a right of withdrawal in accordance with the following provisions, whereby a consumer is any natural person who concludes a legal transaction for purposes\nwhich can predominantly be attributed neither to their commercial nor their independent professional activity:<br \/>die \u00fcberwiegend weder ihrer gewerblichen noch ihrer selbst\u00e4ndigen beruflichen T\u00e4tigkeit zugerechnet werden k\u00f6nnen:<br \/>&lt;b&#8220;&gt;Widerrufsbelehrung<br \/>Occasionally there may be information on our site or in the Service that contains typographical errors, inaccuracies or omissions that may relate to product descriptions, pricing, promotions, offers, product shipping charges, transit times and availability.<br \/>We reserve the right to correct any errors, inaccuracies or omissions, and to change or update information or cancel orders if any information in the Service or on any related website is inaccurate at any time without prior notice (including after you have submitted your order).<br \/>der nicht der Bef\u00f6rderer ist, die Waren in Besitz genommen haben bzw. hat.<br \/>We are not responsible if information made available on this site is not accurate, complete or current.<\/p><div style=\"margin-left: 20px; margin-top: 5px; margin-bottom: 5px;\" class=\" translation-block\">topfiguren<br>Alma Huber<br>Hauptstrasse 179<br>D-8983 Bad Mitterndorf<br>E-Mail info@topfiguren.com<\/div><p class=\" translation-block\">of your decision to withdraw from this contract by an unequivocal statement (e.g. a letter sent by post, fax or e-mail) to. You can use the attached sample withdrawal form, but this is not mandatory.<\/p><p class=\" translation-block\"><b>Consequences of withdrawal<\/b><br>If you withdraw from this contract, we shall reimburse to you all payments received from you, including the delivery costs (with the exception of the supplementary costs resulting from your choice of a type of delivery other than the least expensive type of standard delivery offered by us), without undue delay and in any event not later than 14 days from the day on which we are informed about your decision to withdraw from this contract.\nFor this repayment, we will use the same means of payment that you used for the original transaction, unless expressly agreed otherwise with you; in no case will you be charged any fees for this repayment. We may withhold reimbursement until we have received the goods back or until you have supplied evidence that you have sent back the goods, whichever is the earliest. You must send back the goods or hand them over to us immediately and in any event not later than fourteen days from the day on which you notify us of the cancellation of this contract. The deadline is met, if you send the goods before the period of fourteen days has expired. We bear the costs of returning the goods. <br><b> End of the cancellation Policy.<\/b><\/p><p style=\"font-weight: bold; padding-bottom: 10px;\">\u00a77 Revocation form<\/p><p style=\"text-align: center; font-weight: bold;\">Sample withdrawal form<\/p><p>(If you wish to withdraw from the contract, please complete this form and return it to us).<\/p><div style=\"border: 1px solid #000000; padding: 10px;\"><p>To:<br \/>topfiguren<br \/>Hauptstrasse 179<br \/>D-8983 Bad Mitterndorf<br \/>E-mail: info@topfiguren.com<br \/>I\/we (*) hereby give notice that I\/we (*) withdraw from my\/our (*) contract of sale of the following goods (*)\/for the supply of the following service (*)_____________________________________________________<br \/>Ordered on (*)__________________<br \/>Name of consumer(s)<br \/>_____________________________________________________<\/p><p>Address of the consumer(s)<br \/>_____________________________________________________<\/p><p>Signature of the consumer(s) (only for notification on paper)<br \/>__________________<\/p><p>Date<\/p><p>__________________<\/p><\/div><p>(*) Delete as appropriate.<\/p><p style=\"font-weight: bold; padding-bottom: 10px;\">\u00a78 Warranty<\/p><p>The statutory warranty regulations apply.<\/p><p style=\"font-weight: bold; padding-bottom: 10px;\">\u00a79 Code of Conduct<\/p><p class=\" translation-block\">We have submitted to the codes of conduct of the following organizations:<br>\nEuro-Label Germany<br>\nEHI-EuroHandelsinstitut GmbH<br>\nSpichernstra\u00dfe 55<br>\n50672 Cologne<br>\nYou can access the Euro-Label Code of Conduct by clicking on the Euro-Label seal on our website or at http:\/\/www.euro-label.com.<br>\nand<br>\nTrusted Shops GmbH<br>\nColonius Carr\u00e9<br>\nSubbelrather Stra\u00dfe 15c<br>\n50823 Cologne<br>\nYou can access the Trusted Shops Code of Conduct by clicking on the Trusted Shops seal on our website or at www.trustedshops.de.<\/p><p style=\"font-weight: bold;\">SECTION 20 - CONTACT INFORMATION<\/p><p class=\" translation-block\">Questions about the Terms of Service should be sent to us at info@topfiguren.com.\nOur contact information is posted below:<\/br>\ntopfiguren<\/br>\ninfo@topfiguren.com<\/br>\n8983 Bad Mitterndorf, Hauptstra\u00dfe 179<\/br>\n\u00d6sterreich<\/br>\nTelefon: (+43) 6771426833<\/p>\t\t\t\t\t\t\t\t<\/div>\n\t\t\t\t<\/div>\n\t\t\t\t\t<\/div>\n\t\t\t\t<\/div>\n\t\t\t\t<\/div>","protected":false},"excerpt":{"rendered":"<p>AGB TopFiguren.comVerkauf von GartendekorationHauptstrasse 1798983 Bad MitterndorfHandelsregister: KontaktTelefon: 067761426833E-Mail: info@topfiguren.com Umsatzsteuer-ID: Umsatzsteuer-Identifikationsnummer gem\u00e4\u00df \u00a7 27 a Umsatzsteuergesetz: Redaktionell verantwortlich: TopFiguren.com Allgemeine Gesch\u00e4ftsbedingungen der Firma topfiguren \u00a71 Geltung gegen\u00fcber Unternehmern und Begriffsdefinitionen (1) Die nachfolgenden Allgemeinen Gesch\u00e4ftbedingungen gelten f\u00fcr alle Lieferungen zwischen uns und einem Verbraucherin ihrer zum Zeitpunkt der Bestellung g\u00fcltigen Fassung. Verbraucher ist jede [&hellip;]<\/p>","protected":false},"author":2,"featured_media":0,"parent":0,"menu_order":0,"comment_status":"closed","ping_status":"closed","template":"","meta":{"footnotes":""},"class_list":["post-1364","page","type-page","status-publish","hentry"],"blocksy_meta":{"styles_descriptor":{"styles":{"desktop":"","tablet":"","mobile":""},"google_fonts":[],"version":6},"page_title_panel":"","has_hero_section":"disabled","1d15b7934ff424ab25737f2d764de13a":"","hero_section":"type-1","hero_elements":[{"id":"custom_title","enabled":true,"heading_tag":"h1","title":"Home"},{"id":"custom_description","enabled":true,"description_visibility":{"desktop":true,"tablet":true,"mobile":false}},{"id":"custom_meta","enabled":false,"meta_elements":[{"id":"author","enabled":true,"label":"By","has_author_avatar":"yes","avatar_size":25},{"id":"post_date","enabled":true,"label":"On","date_format_source":"default","date_format":"M j, Y"},{"id":"updated_date","enabled":false,"label":"On","date_format_source":"default","date_format":"M j, Y"},{"id":"categories","enabled":false,"label":"In","style":"simple"},{"id":"comments","enabled":true}],"page_meta_elements":{"joined":true,"articles_count":true,"comments":true}},{"id":"breadcrumbs","enabled":false}],"e377139f0e48a4cb5a64798ea8d651b9":"","hero_alignment1":"CT_CSS_SKIP_RULE","hero_margin":40,"hero_alignment2":"center","hero_vertical_alignment":"center","af09189de71c08c18e1cd076aeaad8fe":"","hero_structure":"narrow","4241a204ae10e70836b130f646a7f2d5":"","page_title_bg_type":"featured_image","custom_hero_background":{"attachment_id":null},"page_title_image_size":"full","parallax":{"desktop":false,"tablet":false,"mobile":false},"37c6846e78051bc32791c6958664507d":"","hero_height":"250px","pageTitleFont":{"family":"Default","variation":"Default","size":"30px","line-height":"CT_CSS_SKIP_RULE","letter-spacing":"CT_CSS_SKIP_RULE","text-transform":"CT_CSS_SKIP_RULE","text-decoration":"CT_CSS_SKIP_RULE"},"pageTitleFontColor":{"default":{"color":"CT_CSS_SKIP_RULEDEFAULT"}},"pageMetaFont":{"family":"Default","variation":"n6","size":"12px","line-height":"1.3","letter-spacing":"CT_CSS_SKIP_RULE","text-transform":"uppercase","text-decoration":"CT_CSS_SKIP_RULE"},"pageMetaFontColor":{"default":{"color":"CT_CSS_SKIP_RULEDEFAULT"},"hover":{"color":"CT_CSS_SKIP_RULEDEFAULT"}},"page_meta_button_type_font_colors":{"default":{"color":"CT_CSS_SKIP_RULEDEFAULT"},"hover":{"color":"CT_CSS_SKIP_RULEDEFAULT"}},"page_meta_button_type_background_colors":{"default":{"color":"CT_CSS_SKIP_RULEDEFAULT"},"hover":{"color":"CT_CSS_SKIP_RULEDEFAULT"}},"pageExcerptFont":{"family":"Default","variation":"Default","size":"CT_CSS_SKIP_RULE","line-height":"CT_CSS_SKIP_RULE","letter-spacing":"CT_CSS_SKIP_RULE","text-transform":"CT_CSS_SKIP_RULE","text-decoration":"CT_CSS_SKIP_RULE"},"pageExcerptColor":{"default":{"color":"CT_CSS_SKIP_RULEDEFAULT"}},"breadcrumbsFont":{"family":"Default","variation":"Default","size":"CT_CSS_SKIP_RULE","line-height":"CT_CSS_SKIP_RULE","letter-spacing":"CT_CSS_SKIP_RULE","text-transform":"CT_CSS_SKIP_RULE","text-decoration":"CT_CSS_SKIP_RULE"},"breadcrumbsFontColor":{"default":{"color":"CT_CSS_SKIP_RULEDEFAULT"},"initial":{"color":"CT_CSS_SKIP_RULEDEFAULT"},"hover":{"color":"CT_CSS_SKIP_RULEDEFAULT"}},"pageTitleOverlay":{"background_type":"color","background_pattern":"type-1","background_image":{"attachment_id":null,"x":0,"y":0},"gradient":"linear-gradient(135deg,rgba(6,147,227,1) 0%,rgb(155,81,224) 100%)","background_repeat":"repeat","background_size":"auto","background_attachment":"scroll","patternColor":{"default":{"color":"#e5e7ea"}},"overlayColor":{"default":{"color":"CT_CSS_SKIP_RULE"}},"backgroundColor":{"default":{"color":"CT_CSS_SKIP_RULE"}}},"pageTitleBackground":{"background_type":"color","background_pattern":"type-1","background_image":{"attachment_id":null,"x":0,"y":0},"gradient":"linear-gradient(135deg,rgba(6,147,227,1) 0%,rgb(155,81,224) 100%)","background_repeat":"repeat","background_size":"auto","background_attachment":"scroll","patternColor":{"default":{"color":"#e5e7ea"}},"overlayColor":{"default":{"color":"CT_CSS_SKIP_RULE"}},"backgroundColor":{"default":{"color":"var(--theme-palette-color-6)"}}},"pageTitlePadding":{"top":"50px","bottom":"50px","left":"auto","right":"auto","linked":true},"a8fa859ceafab67cbfce97e380ccc088":"","page_structure_type":"default","2c44625e200027fb7003d1deb510aed8":"","content_style_source":"inherit","content_style":"wide","vertical_spacing_source":"custom","content_area_spacing":"none","background":{"background_type":"color","background_pattern":"type-1","background_image":{"attachment_id":null,"x":0,"y":0},"gradient":"linear-gradient(135deg,rgba(6,147,227,1) 0%,rgb(155,81,224) 100%)","background_repeat":"repeat","background_size":"auto","background_attachment":"scroll","patternColor":{"default":{"color":"#e5e7ea"}},"overlayColor":{"default":{"color":"CT_CSS_SKIP_RULE"}},"backgroundColor":{"default":{"color":"CT_CSS_SKIP_RULE"}}},"content_background":{"background_type":"color","background_pattern":"type-1","background_image":{"attachment_id":null,"x":0,"y":0},"gradient":"linear-gradient(135deg,rgba(6,147,227,1) 0%,rgb(155,81,224) 100%)","background_repeat":"repeat","background_size":"auto","background_attachment":"scroll","patternColor":{"default":{"color":"#e5e7ea"}},"overlayColor":{"default":{"color":"CT_CSS_SKIP_RULE"}},"backgroundColor":{"default":{"color":"var(--theme-palette-color-8)"}}},"content_boxed_shadow":{"inherit":false,"blur":18,"spread":-6,"v_offset":12,"h_offset":0,"inset":false,"enable":true,"color":{"color":"rgba(34, 56, 101, 0.04)"}},"content_boxed_border":{"width":1,"style":"none","color":{"color":"rgba(44,62,80,0.2)"}},"content_boxed_radius":{"top":"3px","bottom":"3px","left":"3px","right":"3px","linked":true},"boxed_content_spacing":{"desktop":{"top":"40px","bottom":"40px","left":"40px","right":"40px","linked":true},"tablet":{"top":"35px","bottom":"35px","left":"35px","right":"35px","linked":true},"mobile":{"top":"20px","bottom":"20px","left":"20px","right":"20px","linked":true}},"b6a9da5a132a1b76f66ef374aa22372c":"","disable_featured_image":"no","disable_share_box":"no","disable_header":"no","disable_footer":"no"},"_links":{"self":[{"href":"https:\/\/topfiguren.com\/en\/wp-json\/wp\/v2\/pages\/1364","targetHints":{"allow":["GET"]}}],"collection":[{"href":"https:\/\/topfiguren.com\/en\/wp-json\/wp\/v2\/pages"}],"about":[{"href":"https:\/\/topfiguren.com\/en\/wp-json\/wp\/v2\/types\/page"}],"author":[{"embeddable":true,"href":"https:\/\/topfiguren.com\/en\/wp-json\/wp\/v2\/users\/2"}],"replies":[{"embeddable":true,"href":"https:\/\/topfiguren.com\/en\/wp-json\/wp\/v2\/comments?post=1364"}],"version-history":[{"count":34,"href":"https:\/\/topfiguren.com\/en\/wp-json\/wp\/v2\/pages\/1364\/revisions"}],"predecessor-version":[{"id":2385,"href":"https:\/\/topfiguren.com\/en\/wp-json\/wp\/v2\/pages\/1364\/revisions\/2385"}],"wp:attachment":[{"href":"https:\/\/topfiguren.com\/en\/wp-json\/wp\/v2\/media?parent=1364"}],"curies":[{"name":"wp","href":"https:\/\/api.w.org\/{rel}","templated":true}]}}